{"id":73,"date":"2019-12-23T19:11:08","date_gmt":"2019-12-24T00:11:08","guid":{"rendered":"https:\/\/www.pariamanu.com\/?page_id=73"},"modified":"2024-06-12T20:36:57","modified_gmt":"2024-06-13T01:36:57","slug":"linea-3-madera-para-pisos-deck","status":"publish","type":"page","link":"https:\/\/www.pariamanu.com\/index.php\/productos\/linea-3-madera-para-pisos-deck\/","title":{"rendered":"Madera para Pisos"},"content":{"rendered":"<p>[vc_row][vc_column][vc_column_text]<\/p>\r\n<figure class=\"wp-block-image\"><a href=\"http:\/\/www.grupoaserraderoespinoza.com\/img\/piso-parket2.jpg\"><img src=\"http:\/\/www.grupoaserraderoespinoza.com\/img\/piso-parket.jpg\" alt=\"\" \/><\/a><\/figure>\r\n\r\n<p><strong>\u00a0Madera para pisos Deck<\/strong><\/p>\r\n\r\n<p>&nbsp;<\/p>\r\n\r\n<figure class=\"wp-block-table\">\r\n<table>\r\n<tbody>\r\n<tr>\r\n<th>Clasif. De Productos (FSC-STD-40-004a)<\/th>\r\n<th>C\u00f3digo de Producto<\/th>\r\n<th>Descripci\u00f3n del Producto<\/th>\r\n<th>Nombre Cient\u00edfico<\/th>\r\n<th>Declaraci\u00f3n FSC<\/th>\r\n<\/tr>\r\n<tr>\r\n<td>W 5.7<\/td>\r\n<td>ET-TP<\/td>\r\n<td>Estoraque Tablillas para Pisos<\/td>\r\n<td>Myroxylon spp ***<\/td>\r\n<td>FSC 100%<\/td>\r\n<\/tr>\r\n<tr>\r\n<td>W 5.7<\/td>\r\n<td>SH-TP<\/td>\r\n<td>Shihuahuaco Tablillas para Pisos<\/td>\r\n<td>Dipteryx odorata<\/td>\r\n<td>FSC 100%<\/td>\r\n<\/tr>\r\n<tr>\r\n<td>W 5.7<\/td>\r\n<td>AH-TP<\/td>\r\n<td>Azucar Huayo Tablillas para Pisos<\/td>\r\n<td>Hymenaea spp.***<\/td>\r\n<td>FSC 100%<\/td>\r\n<\/tr>\r\n<tr>\r\n<td>W 5.7<\/td>\r\n<td>QN-TP<\/td>\r\n<td>Quinilla Tablillas para Pisos<\/td>\r\n<td>Manilkara spp<\/td>\r\n<td>FSC 100%<\/td>\r\n<\/tr>\r\n<tr>\r\n<td>W 5.7<\/td>\r\n<td>TA-TP<\/td>\r\n<td>Tahuari Tablillas para Pisos<\/td>\r\n<td>Tabebuia spp.<\/td>\r\n<td>FSC 100%<\/td>\r\n<\/tr>\r\n<tr>\r\n<td>W 5.7<\/td>\r\n<td>AC-TP<\/td>\r\n<td>Ana caspi Tablillas para Pisos<\/td>\r\n<td>Apuleia leiocarpa<\/td>\r\n<td>FSC 100%<\/td>\r\n<\/tr>\r\n<tr>\r\n<td>W 5.7<\/td>\r\n<td>MA-TP<\/td>\r\n<td>Mashonaste Tablillas para Pisos<\/td>\r\n<td>Clarisia racemosa<\/td>\r\n<td>FSC 100%<\/td>\r\n<\/tr>\r\n<tr>\r\n<td>W 5.7<\/td>\r\n<td>AH-RD<\/td>\r\n<td>Azucar Huayo Rodajas<\/td>\r\n<td>Hymenaea spp.***<\/td>\r\n<td>FSC 100%<\/td>\r\n<\/tr>\r\n<tr>\r\n<td>W 5.7<\/td>\r\n<td>SH-TP\/KD<\/td>\r\n<td>Shihuahuaco Tablillas para Pisos KD\/S4S<\/td>\r\n<td>Dipteryx odorata<\/td>\r\n<td>FSC 100%<\/td>\r\n<\/tr>\r\n<tr>\r\n<td>W 5.7<\/td>\r\n<td>AH-TP\/KD<\/td>\r\n<td>Azucar Huayo Tablillas para Pisos KD\/S4S<\/td>\r\n<td>Hymenaea spp.***<\/td>\r\n<td>FSC 100%<\/td>\r\n<\/tr>\r\n<tr>\r\n<td>W 5.7<\/td>\r\n<td>QN-TP\/KD<\/td>\r\n<td>Quinilla Tablillas para Pisos KD\/S4S<\/td>\r\n<td>Manilkara spp<\/td>\r\n<td>FSC 100%<\/td>\r\n<\/tr>\r\n<tr>\r\n<td>W 5.7<\/td>\r\n<td>TA-TP\/KD<\/td>\r\n<td>Tahuari Tablillas para Pisos KD\/S4S<\/td>\r\n<td>Tabebuia spp.<\/td>\r\n<td>FSC 100%<\/td>\r\n<\/tr>\r\n<\/tbody>\r\n<\/table>\r\n<\/figure>\r\n<p>[\/vc_column_text][vc_column_text]<\/p>\r\n<figure class=\"wp-block-image\"><a href=\"http:\/\/www.grupoaserraderoespinoza.com\/img\/machimbrada.jpg\"><img src=\"http:\/\/www.grupoaserraderoespinoza.com\/img\/machimbrada.jpg\" alt=\"\" \/><\/a><\/figure>\r\n<!-- \/wp:image -->\r\n<p><!-- wp:paragraph --><strong>\u00a0Madera para Pisos Machimbrado<\/strong><\/p>\r\n<!-- \/wp:paragraph -->\r\n<p>&nbsp;<\/p>\r\n<!-- wp:table -->\r\n<figure class=\"wp-block-table\">\r\n<table>\r\n<tbody>\r\n<tr>\r\n<th>Clasif. De Productos (FSC-STD-40-004a)<\/th>\r\n<th>C\u00f3digo de Producto<\/th>\r\n<th>Descripci\u00f3n del Producto<\/th>\r\n<th>Nombre Cient\u00edfico<\/th>\r\n<th>Declaraci\u00f3n FSC<\/th>\r\n<\/tr>\r\n<tr>\r\n<td>W11.5.2<\/td>\r\n<td>AH-MA<\/td>\r\n<td>Azucar Huayo Machimbrado<\/td>\r\n<td>Hymenaea spp ***<\/td>\r\n<td>FSC 100%<\/td>\r\n<\/tr>\r\n<\/tbody>\r\n<\/table>\r\n<\/figure>\r\n<!-- \/wp:table -->\r\n<p>&nbsp;<\/p>\r\n<p>[\/vc_column_text][\/vc_column][\/vc_row]<\/p>","protected":false},"excerpt":{"rendered":"<p>[vc_row][vc_column][vc_column_text] \u00a0Madera para pisos Deck &nbsp; Clasif. De Productos (FSC-STD-40-004a) C\u00f3digo de Producto Descripci\u00f3n del Producto Nombre Cient\u00edfico Declaraci\u00f3n FSC W 5.7 ET-TP Estoraque Tablillas para Pisos Myroxylon spp *** FSC 100% W 5.7 SH-TP Shihuahuaco Tablillas para Pisos Dipteryx odorata FSC 100% W 5.7&#8230;<\/p>\n","protected":false},"author":1,"featured_media":0,"parent":52,"menu_order":0,"comment_status":"closed","ping_status":"closed","template":"","meta":[],"_links":{"self":[{"href":"https:\/\/www.pariamanu.com\/index.php\/wp-json\/wp\/v2\/pages\/73"}],"collection":[{"href":"https:\/\/www.pariamanu.com\/index.php\/wp-json\/wp\/v2\/pages"}],"about":[{"href":"https:\/\/www.pariamanu.com\/index.php\/wp-json\/wp\/v2\/types\/page"}],"author":[{"embeddable":true,"href":"https:\/\/www.pariamanu.com\/index.php\/wp-json\/wp\/v2\/users\/1"}],"replies":[{"embeddable":true,"href":"https:\/\/www.pariamanu.com\/index.php\/wp-json\/wp\/v2\/comments?post=73"}],"version-history":[{"count":5,"href":"https:\/\/www.pariamanu.com\/index.php\/wp-json\/wp\/v2\/pages\/73\/revisions"}],"predecessor-version":[{"id":219,"href":"https:\/\/www.pariamanu.com\/index.php\/wp-json\/wp\/v2\/pages\/73\/revisions\/219"}],"up":[{"embeddable":true,"href":"https:\/\/www.pariamanu.com\/index.php\/wp-json\/wp\/v2\/pages\/52"}],"wp:attachment":[{"href":"https:\/\/www.pariamanu.com\/index.php\/wp-json\/wp\/v2\/media?parent=73"}],"curies":[{"name":"wp","href":"https:\/\/api.w.org\/{rel}","templated":true}]}}